{"id":11,"date":"2009-08-09T13:12:24","date_gmt":"2009-08-09T11:12:24","guid":{"rendered":"http:\/\/hotel-emonec.com\/wp\/?page_id=11"},"modified":"2023-08-30T17:11:01","modified_gmt":"2023-08-30T15:11:01","slug":"location","status":"publish","type":"page","link":"https:\/\/www.hotel-emonec.com\/sl\/location\/","title":{"rendered":"Kje smo"},"content":{"rendered":"<p><div class=\"iframe-wrapper\">\n  <iframe src=\"http:\/\/maps.google.com\/maps?f=q&#038;source=embed&#038;hl=en&#038;geocode=&#038;q=ljubljana,+wolfova+12,+hotel+emonec&#038;mrt=all&#038;sll=46.050596,14.505182&#038;sspn=0.008742,0.016673&#038;g=ljubljana,+wolfova+12&#038;ie=UTF8&#038;t=h&#038;ei=pFGGSp2YDYej_gb24JycBA&#038;cd=1&#038;cid=8255146516763369188&#038;li=lmd&#038;hq=ljubljana,+wolfova+12,+hotel+emonec&#038;hnear=&#038;ll=46.057449,14.506931&#038;spn=0.023824,0.047207&#038;iwloc=A&#038;output=embed\" frameborder=\"0\" style=\"height:420px;width:576px;\">Please upgrade your browser<\/iframe>\n<\/div>\n<p><small><a style=\"color: #0000ff; text-align: left;\" href=\"http:\/\/maps.google.com\/maps?f=q&amp;source=embed&amp;hl=en&amp;geocode=&amp;q=ljubljana,+wolfova+12,+hotel+emonec&amp;mrt=all&amp;sll=46.050596,14.505182&amp;sspn=0.008742,0.016673&amp;g=ljubljana,+wolfova+12&amp;ie=UTF8&amp;t=h&amp;ei=pFGGSp2YDYej_gb24JycBA&amp;cd=1&amp;cid=8255146516763369188&amp;li=lmd&amp;hq=ljubljana,+wolfova+12,+hotel+emonec&amp;hnear=&amp;ll=46.057449,14.506931&amp;spn=0.023824,0.047207&amp;iwloc=A\">Pove\u010daj zemljevid<\/a><\/small><\/p>\n<p>Hotel se nahaja na pe\u0161 coni. Dostop z avtomobilom do hotela ni mo\u017een.<\/p>\n<p>Mo\u017enost parkiranja:<\/p>\n<p>1.1.2019 za na\u0161e goste nudimo mo\u017enost parkiranja v Parkirni hi\u0161i Trdinova 9\u00a0(oddaljenost od hotela 600m). Cena je 12 euro na dan ( od 14.00 ure do 11.00 ure naslednji dan).\u00a0 Potrebna je predhodna rezervacija parkirnega mesta. Gostom ob rezervaciji po\u0161ljemo potrditev in podrobna navodila glede parkiranja.<\/p>\n<p>Poleg hotela se nahaja Parkirna hi\u0161a Kongresni trg (oddaljenost od hotela 150m). Rezervacija za parkirno mesto ni potrebna.<\/p>\n<p>Cenik parkiranja v PH Kongresni trg:<\/p>\n<ul>\n<li>prve 3 ure: 1,70 euro na uro<\/li>\n<li>naslednje ure: 2,50 euro na uro<\/li>\n<li>no\u010dno parkiranje med 00.00-7.00 uro: samo 1,80 euro za celo no\u010d<\/li>\n<\/ul>\n<p>&nbsp;<\/p>","protected":false},"excerpt":{"rendered":"<p>Please upgrade your browser Pove\u010daj zemljevid Hotel se nahaja na pe\u0161 coni. Dostop z avtomobilom do hotela ni mo\u017een. Mo\u017enost parkiranja: 1.1.2019 za na\u0161e goste nudimo mo\u017enost parkiranja v Parkirni hi\u0161i Trdinova 9\u00a0(oddaljenost od hotela 600m). Cena je 12 euro na dan ( od 14.00 ure do 11.00 ure naslednji dan).\u00a0 Potrebna je predhodna rezervacija [&hellip;]<\/p>\n","protected":false},"author":1,"featured_media":0,"parent":0,"menu_order":5,"comment_status":"closed","ping_status":"closed","template":"","meta":{"footnotes":""},"class_list":["post-11","page","type-page","status-publish","hentry"],"_links":{"self":[{"href":"https:\/\/www.hotel-emonec.com\/sl\/wp-json\/wp\/v2\/pages\/11","targetHints":{"allow":["GET"]}}],"collection":[{"href":"https:\/\/www.hotel-emonec.com\/sl\/wp-json\/wp\/v2\/pages"}],"about":[{"href":"https:\/\/www.hotel-emonec.com\/sl\/wp-json\/wp\/v2\/types\/page"}],"author":[{"embeddable":true,"href":"https:\/\/www.hotel-emonec.com\/sl\/wp-json\/wp\/v2\/users\/1"}],"replies":[{"embeddable":true,"href":"https:\/\/www.hotel-emonec.com\/sl\/wp-json\/wp\/v2\/comments?post=11"}],"version-history":[{"count":20,"href":"https:\/\/www.hotel-emonec.com\/sl\/wp-json\/wp\/v2\/pages\/11\/revisions"}],"predecessor-version":[{"id":636,"href":"https:\/\/www.hotel-emonec.com\/sl\/wp-json\/wp\/v2\/pages\/11\/revisions\/636"}],"wp:attachment":[{"href":"https:\/\/www.hotel-emonec.com\/sl\/wp-json\/wp\/v2\/media?parent=11"}],"curies":[{"name":"wp","href":"https:\/\/api.w.org\/{rel}","templated":true}]}}