{"id":13,"date":"2009-08-09T13:20:56","date_gmt":"2009-08-09T11:20:56","guid":{"rendered":"http:\/\/hotel-emonec.com\/wp\/?page_id=13"},"modified":"2023-08-30T17:04:46","modified_gmt":"2023-08-30T15:04:46","slug":"facilities","status":"publish","type":"page","link":"https:\/\/www.hotel-emonec.com\/sl\/facilities\/","title":{"rendered":"Ponudba"},"content":{"rendered":"<p><\/p>\n<h3>Hotel Emonec vam nudi<\/h3>\n<p>hladen samopostre\u017eni zajtrk, parkirno mesto v parkirni hi\u0161i Trdinova, seminarska soba do 35 oseb, 24-urna recepcija<\/p>\n<h4>Hotelska ponudba<\/h4>\n<ul>\n<li>samoposre\u017ena pralnica<\/li>\n<li>seminarska soba ( do 35 oseb)<\/li>\n<li>MASA\u017dNI STOL &#8211; 15 minut dnevno gratis &#8211; u\u017eivajte v prijetni masa\u017ei po napornem potovanju<\/li>\n<li>ro\u010dna masa\u017ea<\/li>\n<\/ul>\n<h3>Sobe<\/h3>\n<p>Vse sobe so opremljene s kopalnico s tu\u0161em. V vsaki sobi je SAT TV, telefon in mre\u017eni priklju\u010dek (dostop do interneta).<\/p>\n<h4>Oprema sob ( superior sobe so ve\u010dje po povr\u0161ini)<\/h4>\n<ul>\n<li>barvni\u00a0 LCD LED TV &#8211; sat programi<\/li>\n<li>internet priklju\u010dek &#8211; brezpla\u010den<\/li>\n<li>telefon,<\/li>\n<li>sef<\/li>\n<li>kopalnica s tu\u0161em ali kadjo v nekaterih sobah<\/li>\n<li>brezpla\u010den brez\u017ei\u010dni internet (WLAN)<\/li>\n<li>klima<\/li>\n<\/ul>\n<p><\/p>","protected":false},"excerpt":{"rendered":"<p>Hotel Emonec vam nudi hladen samopostre\u017eni zajtrk, parkirno mesto v parkirni hi\u0161i Trdinova, seminarska soba do 35 oseb, 24-urna recepcija Hotelska ponudba samoposre\u017ena pralnica seminarska soba ( do 35 oseb) MASA\u017dNI STOL &#8211; 15 minut dnevno gratis &#8211; u\u017eivajte v prijetni masa\u017ei po napornem potovanju ro\u010dna masa\u017ea Sobe Vse sobe so opremljene s kopalnico s [&hellip;]<\/p>\n","protected":false},"author":1,"featured_media":0,"parent":0,"menu_order":4,"comment_status":"closed","ping_status":"closed","template":"","meta":{"footnotes":""},"class_list":["post-13","page","type-page","status-publish","hentry"],"_links":{"self":[{"href":"https:\/\/www.hotel-emonec.com\/sl\/wp-json\/wp\/v2\/pages\/13","targetHints":{"allow":["GET"]}}],"collection":[{"href":"https:\/\/www.hotel-emonec.com\/sl\/wp-json\/wp\/v2\/pages"}],"about":[{"href":"https:\/\/www.hotel-emonec.com\/sl\/wp-json\/wp\/v2\/types\/page"}],"author":[{"embeddable":true,"href":"https:\/\/www.hotel-emonec.com\/sl\/wp-json\/wp\/v2\/users\/1"}],"replies":[{"embeddable":true,"href":"https:\/\/www.hotel-emonec.com\/sl\/wp-json\/wp\/v2\/comments?post=13"}],"version-history":[{"count":12,"href":"https:\/\/www.hotel-emonec.com\/sl\/wp-json\/wp\/v2\/pages\/13\/revisions"}],"predecessor-version":[{"id":631,"href":"https:\/\/www.hotel-emonec.com\/sl\/wp-json\/wp\/v2\/pages\/13\/revisions\/631"}],"wp:attachment":[{"href":"https:\/\/www.hotel-emonec.com\/sl\/wp-json\/wp\/v2\/media?parent=13"}],"curies":[{"name":"wp","href":"https:\/\/api.w.org\/{rel}","templated":true}]}}