{"id":14,"date":"2009-08-09T13:13:39","date_gmt":"2009-08-09T11:13:39","guid":{"rendered":"http:\/\/hotel-emonec.com\/wp\/?page_id=14"},"modified":"2013-04-12T18:52:54","modified_gmt":"2013-04-12T16:52:54","slug":"reservation","status":"publish","type":"page","link":"https:\/\/www.hotel-emonec.com\/sl\/reservation\/","title":{"rendered":"Rezervacija"},"content":{"rendered":"<p><strong>\u00a0<\/strong><\/p>\n\n<div class=\"wpcf7 no-js\" id=\"wpcf7-f285-o2\" lang=\"en-US\" dir=\"ltr\" data-wpcf7-id=\"285\">\n<div class=\"screen-reader-response\"><p role=\"status\" aria-live=\"polite\" aria-atomic=\"true\"><\/p> <ul><\/ul><\/div>\n<form action=\"\/sl\/wp-json\/wp\/v2\/pages\/14#wpcf7-f285-o2\" method=\"post\" class=\"wpcf7-form init\" aria-label=\"Contact form\" novalidate=\"novalidate\" data-status=\"init\">\n<fieldset class=\"hidden-fields-container\"><input type=\"hidden\" name=\"_wpcf7\" value=\"285\" \/><input type=\"hidden\" name=\"_wpcf7_version\" value=\"6.1.3\" \/><input type=\"hidden\" name=\"_wpcf7_locale\" value=\"en_US\" \/><input type=\"hidden\" name=\"_wpcf7_unit_tag\" value=\"wpcf7-f285-o2\" \/><input type=\"hidden\" name=\"_wpcf7_container_post\" value=\"0\" \/><input type=\"hidden\" name=\"_wpcf7_posted_data_hash\" value=\"\" \/><input type=\"hidden\" name=\"_wpcf7_recaptcha_response\" value=\"\" \/>\n<\/fieldset>\n<h4>Osebni podatki\n<\/h4>\n<p>Ime in Priimek (obvezno):\n<\/p>\n<p><span class=\"wpcf7-form-control-wrap\" data-name=\"your-name\"><input size=\"40\" maxlength=\"400\" class=\"wpcf7-form-control wpcf7-text wpcf7-validates-as-required\" aria-required=\"true\" aria-invalid=\"false\" value=\"\" type=\"text\" name=\"your-name\" \/><\/span>\n<\/p>\n<p>Email naslov (obvezno):\n<\/p>\n<p><span class=\"wpcf7-form-control-wrap\" data-name=\"your-email\"><input size=\"40\" maxlength=\"400\" class=\"wpcf7-form-control wpcf7-email wpcf7-validates-as-required wpcf7-text wpcf7-validates-as-email\" aria-required=\"true\" aria-invalid=\"false\" value=\"\" type=\"email\" name=\"your-email\" \/><\/span>\n<\/p>\n<p>Podjetje:\n<\/p>\n<p><span class=\"wpcf7-form-control-wrap\" data-name=\"company\"><input size=\"40\" maxlength=\"400\" class=\"wpcf7-form-control wpcf7-text\" aria-invalid=\"false\" value=\"\" type=\"text\" name=\"company\" \/><\/span>\n<\/p>\n<p>Kontaktna oseba:\n<\/p>\n<p><span class=\"wpcf7-form-control-wrap\" data-name=\"contact\"><input size=\"40\" maxlength=\"400\" class=\"wpcf7-form-control wpcf7-text\" aria-invalid=\"false\" value=\"\" type=\"text\" name=\"contact\" \/><\/span>\n<\/p>\n<p>Telefon:\n<\/p>\n<p><span class=\"wpcf7-form-control-wrap\" data-name=\"phone\"><input size=\"40\" maxlength=\"400\" class=\"wpcf7-form-control wpcf7-text\" aria-invalid=\"false\" value=\"\" type=\"text\" name=\"phone\" \/><\/span>\n<\/p>\n<h4>Poizvedba za\n<\/h4>\n<p>Vrsta sobe (obvezno):\n<\/p>\n<p><span class=\"wpcf7-form-control-wrap\" data-name=\"room-type\"><select class=\"wpcf7-form-control wpcf7-select\" aria-invalid=\"false\" name=\"room-type\"><option value=\"enoposteljna\">enoposteljna<\/option><option value=\"manj\u0161a dvoposteljna\">manj\u0161a dvoposteljna<\/option><option value=\"dvoposteljna\">dvoposteljna<\/option><option value=\"3-posteljna\">3-posteljna<\/option><option value=\"4-posteljna\">4-posteljna<\/option><\/select><\/span>\n<\/p>\n<p>\u0160tevilo sob:\n<\/p>\n<p><span class=\"wpcf7-form-control-wrap\" data-name=\"room-number\"><select class=\"wpcf7-form-control wpcf7-select\" aria-invalid=\"false\" name=\"room-number\"><option value=\"1\">1<\/option><option value=\"2\">2<\/option><option value=\"3\">3<\/option><option value=\"4\">4<\/option><option value=\"5\">5<\/option><\/select><\/span>\n<\/p>\n<p>Datum in ura prihoda (obvezno):\n<\/p>\n<p><span class=\"wpcf7-form-control-wrap\" data-name=\"arrival\"><input size=\"40\" maxlength=\"400\" class=\"wpcf7-form-control wpcf7-text wpcf7-validates-as-required\" aria-required=\"true\" aria-invalid=\"false\" value=\"\" type=\"text\" name=\"arrival\" \/><\/span>\n<\/p>\n<p>Datum odhoda (obvezno):\n<\/p>\n<p><span class=\"wpcf7-form-control-wrap\" data-name=\"departure\"><input size=\"40\" maxlength=\"400\" class=\"wpcf7-form-control wpcf7-text wpcf7-validates-as-required\" aria-required=\"true\" aria-invalid=\"false\" value=\"\" type=\"text\" name=\"departure\" \/><\/span>\n<\/p>\n<p>Opomba:\n<\/p>\n<p><span class=\"wpcf7-form-control-wrap\" data-name=\"comments\"><textarea cols=\"40\" rows=\"10\" maxlength=\"2000\" class=\"wpcf7-form-control wpcf7-textarea\" aria-invalid=\"false\" name=\"comments\"><\/textarea><\/span>\n<\/p>\n<p>&nbsp;\n<\/p>\n<p><input class=\"wpcf7-form-control wpcf7-submit has-spinner\" type=\"submit\" value=\"Po\u0161lji poizvedbo\" \/>\n<\/p><div class=\"inv-recaptcha-holder\"><\/div><div class=\"wpcf7-response-output\" aria-hidden=\"true\"><\/div>\n<\/form>\n<\/div>\n\n<p>Rezervacije dr\u017eimo do 17. ure, razen \u010de je bila rezervacija vnaprej pla\u010dana s kreditno kartico.<\/p>","protected":false},"excerpt":{"rendered":"<p>\u00a0 Rezervacije dr\u017eimo do 17. ure, razen \u010de je bila rezervacija vnaprej pla\u010dana s kreditno kartico.<\/p>\n","protected":false},"author":1,"featured_media":0,"parent":0,"menu_order":4,"comment_status":"closed","ping_status":"closed","template":"","meta":{"footnotes":""},"class_list":["post-14","page","type-page","status-publish","hentry"],"_links":{"self":[{"href":"https:\/\/www.hotel-emonec.com\/sl\/wp-json\/wp\/v2\/pages\/14","targetHints":{"allow":["GET"]}}],"collection":[{"href":"https:\/\/www.hotel-emonec.com\/sl\/wp-json\/wp\/v2\/pages"}],"about":[{"href":"https:\/\/www.hotel-emonec.com\/sl\/wp-json\/wp\/v2\/types\/page"}],"author":[{"embeddable":true,"href":"https:\/\/www.hotel-emonec.com\/sl\/wp-json\/wp\/v2\/users\/1"}],"replies":[{"embeddable":true,"href":"https:\/\/www.hotel-emonec.com\/sl\/wp-json\/wp\/v2\/comments?post=14"}],"version-history":[{"count":3,"href":"https:\/\/www.hotel-emonec.com\/sl\/wp-json\/wp\/v2\/pages\/14\/revisions"}],"predecessor-version":[{"id":333,"href":"https:\/\/www.hotel-emonec.com\/sl\/wp-json\/wp\/v2\/pages\/14\/revisions\/333"}],"wp:attachment":[{"href":"https:\/\/www.hotel-emonec.com\/sl\/wp-json\/wp\/v2\/media?parent=14"}],"curies":[{"name":"wp","href":"https:\/\/api.w.org\/{rel}","templated":true}]}}