{"id":334,"date":"2013-06-14T15:53:51","date_gmt":"2013-06-14T13:53:51","guid":{"rendered":"http:\/\/www.hotel-emonec.com\/?page_id=334"},"modified":"2013-06-14T16:20:43","modified_gmt":"2013-06-14T14:20:43","slug":"cookie-policy","status":"publish","type":"page","link":"https:\/\/www.hotel-emonec.com\/sl\/cookie-policy\/","title":{"rendered":"Politika pi\u0161kotkov"},"content":{"rendered":"<p><\/p>\n<h2 style=\"text-align: center;\">www.hotel-emonec.com<\/h2>\n<div>\n<h2>O pi\u0161kotkih<\/h2>\n<\/div>\n<p>Ta spletna stran uporablja pi\u0161kotke. Z uporabo spletne strani se strinjate s to politiko, in dovolite uporabo pi\u0161kotkov v skladu s pogoji iz te politike.<\/p>\n<p>Pi\u0161kotki so datoteke, ki jih spletni stre\u017eniki po\u0161ljejo spletnemu brskalniku, ki ga uporabljate, le-ta pa jih shrani.<\/p>\n<p>Podatki se nato po\u0161ljejo nazaj na stre\u017enik vsaki\u010d, ko preko brskalnika obi\u0161\u010dete spletno stran na tem stre\u017eniku. To spletnemu stre\u017eniku omogo\u010di prepoznavanje in sledenje spletnih brskalnikov.<\/p>\n<p>Obstajata dve glavni vrsti pi\u0161kotkov: pi\u0161kotki seje in stalni pi\u0161kotki. Sejni pi\u0161kotki se izbri\u0161ejo iz ra\u010dunalnika, ko zaprete brskalnik, medtem ko trajni pi\u0161kotki ostanejo shranjeni na va\u0161em ra\u010dunalniku, dokler niso izbrisani oziroma do datuma, ko pote\u010dejo.<\/p>\n<div>\n<h3>Pi\u0161kotki na na\u0161i spletni strani<\/h3>\n<\/div>\n<div>\n<p>Links d.o.o. uporablja te pi\u0161kotke na tej spletni strani, za naslednje namene:<\/p>\n<\/div>\n<div>\n<ul>\n<li>pi\u0161kotek qtrans_cookie_test &#8211; uporabljen za zaznavanje jezika<\/li>\n<li>pi\u0161kotki Google<\/li>\n<\/ul>\n<\/div>\n<h3>Google pi\u0161kotki<\/h3>\n<p>Links d.o.o.\u00a0za analizo uporabe spletne strani uporablja Google Analytics, ki ustvari statisti\u010dne in druge podatke o uporabi spletnih strani s pomo\u010djo pi\u0161kotkov, ki so shranjeni na ra\u010dunalnikih uporabnikov. Pridobljene informacije, ki se nana\u0161ajo na obisk na\u0161e spletne strani, se uporablja za izdelavo poro\u010dila o uporabi spletne strani. Google sicer te informacije hrani in uporablja. Googlov pravilnik o zasebnosti je na voljo na: [<a href=\"http:\/\/www.google.com\/privacypolicy.html\">http:\/\/www.google.com\/privacypolicy.html<\/a>]<\/p>\n<p>Links d.o.o.\u00a0na tej spletni strani objavlja Google Adsense oglase. Te oglase Google prilagodi tako, da odra\u017eajo va\u0161e interese. Da bi Google ugotovil va\u0161e interese, bo spremljal va\u0161e gibanje po spletu z uporabo pi\u0161kotkov. S\u00a0pomo\u010djo Google Ads Preferences Manager, dostopnim na: [<a href=\"http:\/\/www.google.com\/ads\/preferences\/\">http:\/\/www.google.com\/ads\/preferences\/<\/a>]\u00a0lahko pogledate, izbri\u0161ete ali dodate interesne kategorije, ki so povezane z va\u0161im trenutnim brskalnikom. Na naslovu \u00a0[<a href=\"http:\/\/www.google.com\/privacy_ads.html\">http:\/\/www.google.com\/privacy_ads.html<\/a>]\u00a0lahko izberete mo\u017enost, da vam partnerska omre\u017eja Adsense sistema ne nastavljajo tega pi\u0161kotka. Pozor,\u00a0ta mehanizem (opt-out) uporablja pi\u0161kotek, in \u010de po\u010distite pi\u0161kotke iz va\u0161ega brskalnika va\u0161 opt-out ne bo treba ohranjen. Da bi zagotovili, da tega pi\u0161kotka ne boste prejemali, vam predlagamo, da si namestite dodatek za brskalnike, ki poskrbi za to, da kljub izbrisu pi\u0161kotkov brskalnik upo\u0161teva va\u0161e nastavitve [<a href=\"http:\/\/www.google.com\/ads\/preferences\/plugin\">http:\/\/www.google.com\/ads\/preferences\/plugin<\/a>].<\/p>\n<div>\n<h3>Pi\u0161kotki tretjih ponudnikov storitev<\/h3>\n<\/div>\n<p>Ko uporabljate to spletno mesto, boste lahko prejeli tudi pi\u0161kotke tretjih ponudnikov storitev, ki se lahko uporabijo za naslednje namene:<\/p>\n<div>\n<ul>\n<li>pi\u0161kotki Twitter &#8211; uporabljeni pri prikazu Twitter \u010dasovnice<\/li>\n<li>pi\u0161kotki Facebook &#8211; uporabljeni pri prikazu Facebook zidu<\/li>\n<li>pi\u0161kotki Trip Advisor &#8211; uporabljeni pri prikazu zna\u010dke TripAdvisor [http:\/\/www.tripadvisor.co.uk\/pages\/privacy.html]<\/li>\n<\/ul>\n<\/div>\n<div>\n<h2>Zavra\u010danje pi\u0161kotkov<\/h2>\n<\/div>\n<p>Ve\u010dina brskalnikov vam omogo\u010da, da zavrnete sprejem pi\u0161kotkov.<\/p>\n<p>V Internet Explorerju lahko zavrnete vse pi\u0161kotke s klikom na &#8220;Orodja&#8221;, &#8220;Internet Options&#8221;, &#8220;Zasebnost&#8221; in s pomo\u010djo drsnika izberete mo\u017enost &#8220;Blokiraj vse pi\u0161kotke&#8221;.<\/p>\n<p>V Firefoxu lahko prilagodite nastavitve pi\u0161kotkov s klikom na &#8220;Orodja&#8221;, &#8220;Mo\u017enosti&#8221; in &#8220;Zasebnost&#8221;.<\/p>\n<p>Blokiranje pi\u0161kotkov bo imelo negativen vpliv na uporabnost nekaterih spletnih strani.<\/p>\n<h2>O dokumentu<\/h2>\n<p>Ta dokument je bil ustvarjen s pomo\u010djo Contractology predloge na voljo na\u00a0<a href=\"http:\/\/www.freenetlaw.com\/\">http:\/\/www.freenetlaw.com<\/a>.<\/p>","protected":false},"excerpt":{"rendered":"<p>www.hotel-emonec.com O pi\u0161kotkih Ta spletna stran uporablja pi\u0161kotke. Z uporabo spletne strani se strinjate s to politiko, in dovolite uporabo pi\u0161kotkov v skladu s pogoji iz te politike. Pi\u0161kotki so datoteke, ki jih spletni stre\u017eniki po\u0161ljejo spletnemu brskalniku, ki ga uporabljate, le-ta pa jih shrani. Podatki se nato po\u0161ljejo nazaj na stre\u017enik vsaki\u010d, ko preko [&hellip;]<\/p>\n","protected":false},"author":1,"featured_media":0,"parent":0,"menu_order":999,"comment_status":"closed","ping_status":"closed","template":"","meta":{"footnotes":""},"class_list":["post-334","page","type-page","status-publish","hentry"],"_links":{"self":[{"href":"https:\/\/www.hotel-emonec.com\/sl\/wp-json\/wp\/v2\/pages\/334","targetHints":{"allow":["GET"]}}],"collection":[{"href":"https:\/\/www.hotel-emonec.com\/sl\/wp-json\/wp\/v2\/pages"}],"about":[{"href":"https:\/\/www.hotel-emonec.com\/sl\/wp-json\/wp\/v2\/types\/page"}],"author":[{"embeddable":true,"href":"https:\/\/www.hotel-emonec.com\/sl\/wp-json\/wp\/v2\/users\/1"}],"replies":[{"embeddable":true,"href":"https:\/\/www.hotel-emonec.com\/sl\/wp-json\/wp\/v2\/comments?post=334"}],"version-history":[{"count":2,"href":"https:\/\/www.hotel-emonec.com\/sl\/wp-json\/wp\/v2\/pages\/334\/revisions"}],"predecessor-version":[{"id":336,"href":"https:\/\/www.hotel-emonec.com\/sl\/wp-json\/wp\/v2\/pages\/334\/revisions\/336"}],"wp:attachment":[{"href":"https:\/\/www.hotel-emonec.com\/sl\/wp-json\/wp\/v2\/media?parent=334"}],"curies":[{"name":"wp","href":"https:\/\/api.w.org\/{rel}","templated":true}]}}