{"id":68,"date":"2009-08-10T22:49:33","date_gmt":"2009-08-10T20:49:33","guid":{"rendered":"http:\/\/hotel-emonec.com\/wp\/?page_id=68"},"modified":"2023-08-30T17:08:19","modified_gmt":"2023-08-30T15:08:19","slug":"special-offers","status":"publish","type":"page","link":"https:\/\/www.hotel-emonec.com\/sl\/special-offers\/","title":{"rendered":"Ugodnosti in storitve"},"content":{"rendered":"<p>&nbsp;<\/p>\n<ul>\n<li>za goste hotela nudimo popust pri rezervacijo <a href=\"http:\/\/hotelalpinaslovenia.com\">hotela Alpina v Kranjski Gori<\/a> (na voljo od 20.12.2023) v vi\u0161ini 10-15%. Rezervacija je mo\u017ena preko e-maila hotelemonecreservations@gmail.<wbr \/>com\u00a0ali alpinaslovenia@gmail.com.<\/li>\n<li>Samopostre\u017eni zajtrk od 6.30 &#8211; 9.30. V primeru zgodnjega odhoda vam pripravimo zajtrk za na pot.<\/li>\n<li>Samopostre\u017ena pralnica, kjer si lahko operete, posu\u0161ite in zlikate obla\u010dila.<\/li>\n<li>Ro\u010dna masa\u017ea<\/li>\n<li>Dnevno brezpla\u010dni vodeni ogledi ljubljanskih znamenitosti v sodelovanju z\u00a0 &#8220;Ljubljana free tour&#8221;<\/li>\n<li>Pozimi obi\u0161\u010dite najbli\u017eje smu\u010di\u0161\u010de <a title=\"Label\" href=\"http:\/\/www.label.si\/v3\/en\/packages\/short-breaks\/ski-snowboard-weekends.html\" target=\"_blank\" rel=\"noopener\">Krvavec<\/a><\/li>\n<li>najbli\u017eje igri\u0161\u010de za\u00a0 golf je Golf igri\u0161\u010de Trnovo, ki je od hotela oddaljeno 3,5km<\/li>\n<\/ul>\n<p><div id=\"attachment_83\" style=\"width: 550px\" class=\"wp-caption aligncenter\"><a href=\"http:\/\/www.golftrnovo.com\"><img loading=\"lazy\" decoding=\"async\" aria-describedby=\"caption-attachment-83\" class=\"size-full wp-image-83  colorbox-68\" src=\"\/files\/2009\/08\/golf4a_135989.jpg\" alt=\"Golf course Trnovo\" width=\"540\" height=\"360\" \/><\/a><p id=\"caption-attachment-83\" class=\"wp-caption-text\">Golf course Trnovo<\/p><\/div><\/p>","protected":false},"excerpt":{"rendered":"<p>&nbsp; za goste hotela nudimo popust pri rezervacijo hotela Alpina v Kranjski Gori (na voljo od 20.12.2023) v vi\u0161ini 10-15%. Rezervacija je mo\u017ena preko e-maila hotelemonecreservations@gmail.com\u00a0ali alpinaslovenia@gmail.com. Samopostre\u017eni zajtrk od 6.30 &#8211; 9.30. V primeru zgodnjega odhoda vam pripravimo zajtrk za na pot. Samopostre\u017ena pralnica, kjer si lahko operete, posu\u0161ite in zlikate obla\u010dila. Ro\u010dna masa\u017ea [&hellip;]<\/p>\n","protected":false},"author":1,"featured_media":0,"parent":0,"menu_order":6,"comment_status":"closed","ping_status":"closed","template":"","meta":{"footnotes":""},"class_list":["post-68","page","type-page","status-publish","hentry"],"_links":{"self":[{"href":"https:\/\/www.hotel-emonec.com\/sl\/wp-json\/wp\/v2\/pages\/68","targetHints":{"allow":["GET"]}}],"collection":[{"href":"https:\/\/www.hotel-emonec.com\/sl\/wp-json\/wp\/v2\/pages"}],"about":[{"href":"https:\/\/www.hotel-emonec.com\/sl\/wp-json\/wp\/v2\/types\/page"}],"author":[{"embeddable":true,"href":"https:\/\/www.hotel-emonec.com\/sl\/wp-json\/wp\/v2\/users\/1"}],"replies":[{"embeddable":true,"href":"https:\/\/www.hotel-emonec.com\/sl\/wp-json\/wp\/v2\/comments?post=68"}],"version-history":[{"count":20,"href":"https:\/\/www.hotel-emonec.com\/sl\/wp-json\/wp\/v2\/pages\/68\/revisions"}],"predecessor-version":[{"id":634,"href":"https:\/\/www.hotel-emonec.com\/sl\/wp-json\/wp\/v2\/pages\/68\/revisions\/634"}],"wp:attachment":[{"href":"https:\/\/www.hotel-emonec.com\/sl\/wp-json\/wp\/v2\/media?parent=68"}],"curies":[{"name":"wp","href":"https:\/\/api.w.org\/{rel}","templated":true}]}}